{"id":19,"date":"2022-07-17T18:58:57","date_gmt":"2022-07-17T15:58:57","guid":{"rendered":"https:\/\/www.kugudekor.com.tr\/en\/?page_id=19"},"modified":"2023-01-18T15:32:25","modified_gmt":"2023-01-18T12:32:25","slug":"reference","status":"publish","type":"page","link":"https:\/\/www.kugudekor.com.tr\/en\/reference\/","title":{"rendered":"Reference"},"content":{"rendered":"\n<pre id=\"tw-target-text\" class=\"wp-block-preformatted\"><\/pre>\n","protected":false},"excerpt":{"rendered":"","protected":false},"author":1,"featured_media":0,"parent":0,"menu_order":0,"comment_status":"closed","ping_status":"closed","template":"","meta":{"footnotes":""},"class_list":["post-19","page","type-page","status-publish"],"yoast_head":"<!-- This site is optimized with the Yoast SEO plugin v25.3.1 - https:\/\/yoast.com\/wordpress\/plugins\/seo\/ -->\n<title>Reference - Kugu Dekor Fair Stand Design<\/title>\n<meta name=\"robots\" content=\"index, follow, max-snippet:-1, max-image-preview:large, max-video-preview:-1\" \/>\n<link rel=\"canonical\" href=\"https:\/\/www.kugudekor.com.tr\/en\/reference\/\" \/>\n<meta property=\"og:locale\" content=\"tr_TR\" \/>\n<meta property=\"og:type\" content=\"article\" \/>\n<meta property=\"og:title\" content=\"Reference - Kugu Dekor Fair Stand Design\" \/>\n<meta property=\"og:url\" content=\"https:\/\/www.kugudekor.com.tr\/en\/reference\/\" \/>\n<meta property=\"og:site_name\" content=\"Kugu Dekor Fair Stand Design\" \/>\n<meta property=\"article:modified_time\" content=\"2023-01-18T12:32:25+00:00\" \/>\n<meta name=\"twitter:card\" content=\"summary_large_image\" \/>\n<script type=\"application\/ld+json\" class=\"yoast-schema-graph\">{\"@context\":\"https:\/\/schema.org\",\"@graph\":[{\"@type\":\"WebPage\",\"@id\":\"https:\/\/www.kugudekor.com.tr\/en\/reference\/\",\"url\":\"https:\/\/www.kugudekor.com.tr\/en\/reference\/\",\"name\":\"Reference - Kugu Dekor Fair Stand Design\",\"isPartOf\":{\"@id\":\"https:\/\/www.kugudekor.com.tr\/en\/#website\"},\"datePublished\":\"2022-07-17T15:58:57+00:00\",\"dateModified\":\"2023-01-18T12:32:25+00:00\",\"breadcrumb\":{\"@id\":\"https:\/\/www.kugudekor.com.tr\/en\/reference\/#breadcrumb\"},\"inLanguage\":\"tr\",\"potentialAction\":[{\"@type\":\"ReadAction\",\"target\":[\"https:\/\/www.kugudekor.com.tr\/en\/reference\/\"]}]},{\"@type\":\"BreadcrumbList\",\"@id\":\"https:\/\/www.kugudekor.com.tr\/en\/reference\/#breadcrumb\",\"itemListElement\":[{\"@type\":\"ListItem\",\"position\":1,\"name\":\"Anasayfa\",\"item\":\"https:\/\/www.kugudekor.com.tr\/en\/\"},{\"@type\":\"ListItem\",\"position\":2,\"name\":\"Reference\"}]},{\"@type\":\"WebSite\",\"@id\":\"https:\/\/www.kugudekor.com.tr\/en\/#website\",\"url\":\"https:\/\/www.kugudekor.com.tr\/en\/\",\"name\":\"Kugu Dekor Fair Stand Design\",\"description\":\"Bir ba\u015fka Fuar stant tasar\u0131m\u0131 site sitesi\",\"potentialAction\":[{\"@type\":\"SearchAction\",\"target\":{\"@type\":\"EntryPoint\",\"urlTemplate\":\"https:\/\/www.kugudekor.com.tr\/en\/?s={search_term_string}\"},\"query-input\":{\"@type\":\"PropertyValueSpecification\",\"valueRequired\":true,\"valueName\":\"search_term_string\"}}],\"inLanguage\":\"tr\"}]}<\/script>\n<!-- \/ Yoast SEO plugin. -->","yoast_head_json":{"title":"Reference - Kugu Dekor Fair Stand Design","robots":{"index":"index","follow":"follow","max-snippet":"max-snippet:-1","max-image-preview":"max-image-preview:large","max-video-preview":"max-video-preview:-1"},"canonical":"https:\/\/www.kugudekor.com.tr\/en\/reference\/","og_locale":"tr_TR","og_type":"article","og_title":"Reference - Kugu Dekor Fair Stand Design","og_url":"https:\/\/www.kugudekor.com.tr\/en\/reference\/","og_site_name":"Kugu Dekor Fair Stand Design","article_modified_time":"2023-01-18T12:32:25+00:00","twitter_card":"summary_large_image","schema":{"@context":"https:\/\/schema.org","@graph":[{"@type":"WebPage","@id":"https:\/\/www.kugudekor.com.tr\/en\/reference\/","url":"https:\/\/www.kugudekor.com.tr\/en\/reference\/","name":"Reference - Kugu Dekor Fair Stand Design","isPartOf":{"@id":"https:\/\/www.kugudekor.com.tr\/en\/#website"},"datePublished":"2022-07-17T15:58:57+00:00","dateModified":"2023-01-18T12:32:25+00:00","breadcrumb":{"@id":"https:\/\/www.kugudekor.com.tr\/en\/reference\/#breadcrumb"},"inLanguage":"tr","potentialAction":[{"@type":"ReadAction","target":["https:\/\/www.kugudekor.com.tr\/en\/reference\/"]}]},{"@type":"BreadcrumbList","@id":"https:\/\/www.kugudekor.com.tr\/en\/reference\/#breadcrumb","itemListElement":[{"@type":"ListItem","position":1,"name":"Anasayfa","item":"https:\/\/www.kugudekor.com.tr\/en\/"},{"@type":"ListItem","position":2,"name":"Reference"}]},{"@type":"WebSite","@id":"https:\/\/www.kugudekor.com.tr\/en\/#website","url":"https:\/\/www.kugudekor.com.tr\/en\/","name":"Kugu Dekor Fair Stand Design","description":"Bir ba\u015fka Fuar stant tasar\u0131m\u0131 site sitesi","potentialAction":[{"@type":"SearchAction","target":{"@type":"EntryPoint","urlTemplate":"https:\/\/www.kugudekor.com.tr\/en\/?s={search_term_string}"},"query-input":{"@type":"PropertyValueSpecification","valueRequired":true,"valueName":"search_term_string"}}],"inLanguage":"tr"}]}},"_links":{"self":[{"href":"https:\/\/www.kugudekor.com.tr\/en\/wp-json\/wp\/v2\/pages\/19","targetHints":{"allow":["GET"]}}],"collection":[{"href":"https:\/\/www.kugudekor.com.tr\/en\/wp-json\/wp\/v2\/pages"}],"about":[{"href":"https:\/\/www.kugudekor.com.tr\/en\/wp-json\/wp\/v2\/types\/page"}],"author":[{"embeddable":true,"href":"https:\/\/www.kugudekor.com.tr\/en\/wp-json\/wp\/v2\/users\/1"}],"replies":[{"embeddable":true,"href":"https:\/\/www.kugudekor.com.tr\/en\/wp-json\/wp\/v2\/comments?post=19"}],"version-history":[{"count":3,"href":"https:\/\/www.kugudekor.com.tr\/en\/wp-json\/wp\/v2\/pages\/19\/revisions"}],"predecessor-version":[{"id":591,"href":"https:\/\/www.kugudekor.com.tr\/en\/wp-json\/wp\/v2\/pages\/19\/revisions\/591"}],"wp:attachment":[{"href":"https:\/\/www.kugudekor.com.tr\/en\/wp-json\/wp\/v2\/media?parent=19"}],"curies":[{"name":"wp","href":"https:\/\/api.w.org\/{rel}","templated":true}]}}