{"id":16,"date":"2022-07-17T18:58:18","date_gmt":"2022-07-17T15:58:18","guid":{"rendered":"https:\/\/www.kugudekor.com.tr\/en\/?page_id=16"},"modified":"2022-12-13T13:29:43","modified_gmt":"2022-12-13T10:29:43","slug":"about-us","status":"publish","type":"page","link":"https:\/\/www.kugudekor.com.tr\/en\/about-us\/","title":{"rendered":"About us"},"content":{"rendered":"\t\t<div data-elementor-type=\"wp-page\" data-elementor-id=\"16\" class=\"elementor elementor-16\">\n\t\t\t\t\t\t<section class=\"elementor-section elementor-top-section elementor-element elementor-element-6cbebda elementor-section-boxed elementor-section-height-default elementor-section-height-default wpr-particle-no wpr-jarallax-no wpr-parallax-no wpr-sticky-section-no\" data-id=\"6cbebda\" data-element_type=\"section\">\n\t\t\t\t\t\t<div class=\"elementor-container elementor-column-gap-default\">\n\t\t\t\t\t<div class=\"elementor-column elementor-col-100 elementor-top-column elementor-element elementor-element-5843dd5\" data-id=\"5843dd5\" data-element_type=\"column\">\n\t\t\t<div class=\"elementor-widget-wrap elementor-element-populated\">\n\t\t\t\t\t\t<div class=\"elementor-element elementor-element-5b9f91a7 elementor-widget elementor-widget-text-editor\" data-id=\"5b9f91a7\" data-element_type=\"widget\" data-widget_type=\"text-editor.default\">\n\t\t\t\t<div class=\"elementor-widget-container\">\n\t\t\t\t\t\t\t\t\t\n<p style=\"text-align: center; background: white;\" align=\"center\"><span style=\"font-size: 11.5pt; font-family: Roboto; color: #757373;\">Ku\u011fu Dekor is a decoration company serving many domestic and foreign companies in stage and stands decoration services since 1995. We design and implement the INTERNAL SYSTEM Stand and Space Solution System developed by the R&amp;D department of our company. We can solve all stages quickly and effectively with our in-house design, manufacturing, and assembly team. In addition, we design and implement Internal System products, which add value on their own with their special design and use of quality materials, for you to feel like you are part of them.<\/span><\/p>\n<p style=\"text-align: center; background: white;\" align=\"center\"><span style=\"font-size: 11.5pt; font-family: Roboto; color: #757373;\">Using colors and designs specific to your company in our Fair Stand works, we build areas where you can accurately reflect your corporate identity and display your products.<\/span><\/p>\n<p style=\"text-align: center; background: white;\" align=\"center\"><span style=\"font-size: 11.5pt; font-family: Roboto; color: #757373;\">We present our Fair Stand works to your company using our concept, which we call an &#8220;INTERNAL SYSTEM.&#8221;<\/span><\/p>\n<p style=\"text-align: center; background: white;\" align=\"center\"><span style=\"font-size: 11.5pt; font-family: Roboto; color: #757373;\">You can either rent or buy our Fair Stand works. We perform stand setup operations on your behalf in all countries worldwide.<\/span><\/p>\n\n<pre id=\"tw-target-text\" class=\"wp-block-preformatted\">\u00a0<\/pre>\n\n<pre id=\"tw-target-rmn\" class=\"wp-block-preformatted\">\u00a0<\/pre>\n\t\t\t\t\t\t\t\t<\/div>\n\t\t\t\t<\/div>\n\t\t\t\t\t<\/div>\n\t\t<\/div>\n\t\t\t\t\t<\/div>\n\t\t<\/section>\n\t\t\t\t<\/div>\n\t\t","protected":false},"excerpt":{"rendered":"<p>Ku\u011fu Dekor is a decoration company serving many domestic and foreign companies in stage and stands decoration services since 1995. We design and implement the INTERNAL SYSTEM Stand and Space Solution System developed by the R&amp;D department of our company. We can solve all stages quickly and effectively with our in-house design, manufacturing, and assembly team. In addition, we design and implement Internal System products, which add value on their own with their special design and use of quality materials, for you to feel like you are part of them. Using colors and designs specific to your company in our Fair Stand works, we build areas where you can accurately reflect your corporate identity and display your products. We present our Fair Stand works to your company using our concept, which we call an &#8220;INTERNAL SYSTEM.&#8221; You can either rent or buy our Fair Stand works. We perform stand setup&hellip;<\/p>\n<p> <a class=\"more-link\" href=\"https:\/\/www.kugudekor.com.tr\/en\/about-us\/\">Daha fazla oku<\/a><\/p>\n","protected":false},"author":1,"featured_media":0,"parent":0,"menu_order":0,"comment_status":"closed","ping_status":"closed","template":"","meta":{"footnotes":""},"class_list":["post-16","page","type-page","status-publish"],"yoast_head":"<!-- This site is optimized with the Yoast SEO plugin v25.3.1 - https:\/\/yoast.com\/wordpress\/plugins\/seo\/ -->\n<title>About us - Kugu Dekor Fair Stand Design<\/title>\n<meta name=\"robots\" content=\"index, follow, max-snippet:-1, max-image-preview:large, max-video-preview:-1\" \/>\n<link rel=\"canonical\" href=\"https:\/\/www.kugudekor.com.tr\/en\/about-us\/\" \/>\n<meta property=\"og:locale\" content=\"tr_TR\" \/>\n<meta property=\"og:type\" content=\"article\" \/>\n<meta property=\"og:title\" content=\"About us - Kugu Dekor Fair Stand Design\" \/>\n<meta property=\"og:description\" content=\"Ku\u011fu Dekor is a decoration company serving many domestic and foreign companies in stage and stands decoration services since 1995. We design and implement the INTERNAL SYSTEM Stand and Space Solution System developed by the R&amp;D department of our company. We can solve all stages quickly and effectively with our in-house design, manufacturing, and assembly team. In addition, we design and implement Internal System products, which add value on their own with their special design and use of quality materials, for you to feel like you are part of them. Using colors and designs specific to your company in our Fair Stand works, we build areas where you can accurately reflect your corporate identity and display your products. We present our Fair Stand works to your company using our concept, which we call an &#8220;INTERNAL SYSTEM.&#8221; You can either rent or buy our Fair Stand works. We perform stand setup&hellip;  Daha fazla oku\" \/>\n<meta property=\"og:url\" content=\"https:\/\/www.kugudekor.com.tr\/en\/about-us\/\" \/>\n<meta property=\"og:site_name\" content=\"Kugu Dekor Fair Stand Design\" \/>\n<meta property=\"article:modified_time\" content=\"2022-12-13T10:29:43+00:00\" \/>\n<meta name=\"twitter:card\" content=\"summary_large_image\" \/>\n<meta name=\"twitter:label1\" content=\"Tahmini okuma s\u00fcresi\" \/>\n\t<meta name=\"twitter:data1\" content=\"1 dakika\" \/>\n<script type=\"application\/ld+json\" class=\"yoast-schema-graph\">{\"@context\":\"https:\/\/schema.org\",\"@graph\":[{\"@type\":\"WebPage\",\"@id\":\"https:\/\/www.kugudekor.com.tr\/en\/about-us\/\",\"url\":\"https:\/\/www.kugudekor.com.tr\/en\/about-us\/\",\"name\":\"About us - Kugu Dekor Fair Stand Design\",\"isPartOf\":{\"@id\":\"https:\/\/www.kugudekor.com.tr\/en\/#website\"},\"datePublished\":\"2022-07-17T15:58:18+00:00\",\"dateModified\":\"2022-12-13T10:29:43+00:00\",\"breadcrumb\":{\"@id\":\"https:\/\/www.kugudekor.com.tr\/en\/about-us\/#breadcrumb\"},\"inLanguage\":\"tr\",\"potentialAction\":[{\"@type\":\"ReadAction\",\"target\":[\"https:\/\/www.kugudekor.com.tr\/en\/about-us\/\"]}]},{\"@type\":\"BreadcrumbList\",\"@id\":\"https:\/\/www.kugudekor.com.tr\/en\/about-us\/#breadcrumb\",\"itemListElement\":[{\"@type\":\"ListItem\",\"position\":1,\"name\":\"Anasayfa\",\"item\":\"https:\/\/www.kugudekor.com.tr\/en\/\"},{\"@type\":\"ListItem\",\"position\":2,\"name\":\"About us\"}]},{\"@type\":\"WebSite\",\"@id\":\"https:\/\/www.kugudekor.com.tr\/en\/#website\",\"url\":\"https:\/\/www.kugudekor.com.tr\/en\/\",\"name\":\"Kugu Dekor Fair Stand Design\",\"description\":\"Bir ba\u015fka Fuar stant tasar\u0131m\u0131 site sitesi\",\"potentialAction\":[{\"@type\":\"SearchAction\",\"target\":{\"@type\":\"EntryPoint\",\"urlTemplate\":\"https:\/\/www.kugudekor.com.tr\/en\/?s={search_term_string}\"},\"query-input\":{\"@type\":\"PropertyValueSpecification\",\"valueRequired\":true,\"valueName\":\"search_term_string\"}}],\"inLanguage\":\"tr\"}]}<\/script>\n<!-- \/ Yoast SEO plugin. -->","yoast_head_json":{"title":"About us - Kugu Dekor Fair Stand Design","robots":{"index":"index","follow":"follow","max-snippet":"max-snippet:-1","max-image-preview":"max-image-preview:large","max-video-preview":"max-video-preview:-1"},"canonical":"https:\/\/www.kugudekor.com.tr\/en\/about-us\/","og_locale":"tr_TR","og_type":"article","og_title":"About us - Kugu Dekor Fair Stand Design","og_description":"Ku\u011fu Dekor is a decoration company serving many domestic and foreign companies in stage and stands decoration services since 1995. We design and implement the INTERNAL SYSTEM Stand and Space Solution System developed by the R&amp;D department of our company. We can solve all stages quickly and effectively with our in-house design, manufacturing, and assembly team. In addition, we design and implement Internal System products, which add value on their own with their special design and use of quality materials, for you to feel like you are part of them. Using colors and designs specific to your company in our Fair Stand works, we build areas where you can accurately reflect your corporate identity and display your products. We present our Fair Stand works to your company using our concept, which we call an &#8220;INTERNAL SYSTEM.&#8221; You can either rent or buy our Fair Stand works. We perform stand setup&hellip;  Daha fazla oku","og_url":"https:\/\/www.kugudekor.com.tr\/en\/about-us\/","og_site_name":"Kugu Dekor Fair Stand Design","article_modified_time":"2022-12-13T10:29:43+00:00","twitter_card":"summary_large_image","twitter_misc":{"Tahmini okuma s\u00fcresi":"1 dakika"},"schema":{"@context":"https:\/\/schema.org","@graph":[{"@type":"WebPage","@id":"https:\/\/www.kugudekor.com.tr\/en\/about-us\/","url":"https:\/\/www.kugudekor.com.tr\/en\/about-us\/","name":"About us - Kugu Dekor Fair Stand Design","isPartOf":{"@id":"https:\/\/www.kugudekor.com.tr\/en\/#website"},"datePublished":"2022-07-17T15:58:18+00:00","dateModified":"2022-12-13T10:29:43+00:00","breadcrumb":{"@id":"https:\/\/www.kugudekor.com.tr\/en\/about-us\/#breadcrumb"},"inLanguage":"tr","potentialAction":[{"@type":"ReadAction","target":["https:\/\/www.kugudekor.com.tr\/en\/about-us\/"]}]},{"@type":"BreadcrumbList","@id":"https:\/\/www.kugudekor.com.tr\/en\/about-us\/#breadcrumb","itemListElement":[{"@type":"ListItem","position":1,"name":"Anasayfa","item":"https:\/\/www.kugudekor.com.tr\/en\/"},{"@type":"ListItem","position":2,"name":"About us"}]},{"@type":"WebSite","@id":"https:\/\/www.kugudekor.com.tr\/en\/#website","url":"https:\/\/www.kugudekor.com.tr\/en\/","name":"Kugu Dekor Fair Stand Design","description":"Bir ba\u015fka Fuar stant tasar\u0131m\u0131 site sitesi","potentialAction":[{"@type":"SearchAction","target":{"@type":"EntryPoint","urlTemplate":"https:\/\/www.kugudekor.com.tr\/en\/?s={search_term_string}"},"query-input":{"@type":"PropertyValueSpecification","valueRequired":true,"valueName":"search_term_string"}}],"inLanguage":"tr"}]}},"_links":{"self":[{"href":"https:\/\/www.kugudekor.com.tr\/en\/wp-json\/wp\/v2\/pages\/16","targetHints":{"allow":["GET"]}}],"collection":[{"href":"https:\/\/www.kugudekor.com.tr\/en\/wp-json\/wp\/v2\/pages"}],"about":[{"href":"https:\/\/www.kugudekor.com.tr\/en\/wp-json\/wp\/v2\/types\/page"}],"author":[{"embeddable":true,"href":"https:\/\/www.kugudekor.com.tr\/en\/wp-json\/wp\/v2\/users\/1"}],"replies":[{"embeddable":true,"href":"https:\/\/www.kugudekor.com.tr\/en\/wp-json\/wp\/v2\/comments?post=16"}],"version-history":[{"count":4,"href":"https:\/\/www.kugudekor.com.tr\/en\/wp-json\/wp\/v2\/pages\/16\/revisions"}],"predecessor-version":[{"id":437,"href":"https:\/\/www.kugudekor.com.tr\/en\/wp-json\/wp\/v2\/pages\/16\/revisions\/437"}],"wp:attachment":[{"href":"https:\/\/www.kugudekor.com.tr\/en\/wp-json\/wp\/v2\/media?parent=16"}],"curies":[{"name":"wp","href":"https:\/\/api.w.org\/{rel}","templated":true}]}}