{"id":12,"date":"2022-07-17T18:57:25","date_gmt":"2022-07-17T15:57:25","guid":{"rendered":"https:\/\/www.kugudekor.com.tr\/en\/?page_id=12"},"modified":"2023-01-17T20:13:08","modified_gmt":"2023-01-17T17:13:08","slug":"contact","status":"publish","type":"page","link":"https:\/\/www.kugudekor.com.tr\/en\/contact\/","title":{"rendered":"contact"},"content":{"rendered":"\t\t<div data-elementor-type=\"wp-page\" data-elementor-id=\"12\" class=\"elementor elementor-12\">\n\t\t\t\t\t\t<section class=\"elementor-section elementor-top-section elementor-element elementor-element-80a551b elementor-section-boxed elementor-section-height-default elementor-section-height-default wpr-particle-no wpr-jarallax-no wpr-parallax-no wpr-sticky-section-no\" data-id=\"80a551b\" data-element_type=\"section\">\n\t\t\t\t\t\t<div class=\"elementor-container elementor-column-gap-default\">\n\t\t\t\t\t<div class=\"elementor-column elementor-col-50 elementor-top-column elementor-element elementor-element-077feb4\" data-id=\"077feb4\" data-element_type=\"column\">\n\t\t\t<div class=\"elementor-widget-wrap elementor-element-populated\">\n\t\t\t\t\t\t<div class=\"elementor-element elementor-element-82b772d eael-ninja-form-title-yes eael-ninja-form-labels-yes eael-ninja-form-button-custom elementor-widget elementor-widget-eael-ninja\" data-id=\"82b772d\" data-element_type=\"widget\" data-widget_type=\"eael-ninja.default\">\n\t\t\t\t<div class=\"elementor-widget-container\">\n\t\t\t\t\t            <div class=\"eael-contact-form eael-ninja-form eael-contact-form-align-default\" id=\"eael-ninja-form-12\">\n                                <noscript class=\"ninja-forms-noscript-message\">\n\tBildirim: Bu i\u00e7erik i\u00e7in bir JavaScript gereklidir.<\/noscript>\n<div id=\"nf-form-1-cont\" class=\"nf-form-cont\" aria-live=\"polite\" aria-labelledby=\"nf-form-title-1\" aria-describedby=\"nf-form-errors-1\" role=\"form\">\n\n    <div class=\"nf-loading-spinner\"><\/div>\n\n<\/div>\n        <!-- That data is being printed as a workaround to page builders reordering the order of the scripts loaded-->\n        <script>var formDisplay=1;var nfForms=nfForms||[];var form=[];form.id='1';form.settings={\"objectType\":\"Form Setting\",\"editActive\":true,\"title\":\"contact\",\"show_title\":1,\"allow_public_link\":0,\"embed_form\":\"\",\"clear_complete\":1,\"hide_complete\":1,\"default_label_pos\":\"above\",\"wrapper_class\":\"\",\"element_class\":\"\",\"key\":\"\",\"add_submit\":0,\"changeEmailErrorMsg\":\"PLEASE ENTER A VALID E-MAIL ADDRESS!\",\"changeDateErrorMsg\":\"Please enter a valid date!\",\"confirmFieldErrorMsg\":\"Bu alanlar e\\u015fle\\u015fmelidir!\",\"fieldNumberNumMinError\":\"Minimum Say\\u0131 Hatas\\u0131\",\"fieldNumberNumMaxError\":\"Maksimum Say\\u0131 Hatas\\u0131\",\"fieldNumberIncrementBy\":\"L\\u00fctfen \\u015funa g\\u00f6re art\\u0131r\\u0131n: \",\"formErrorsCorrectErrors\":\"PLEASE CORRECT THE ERRORS BEFORE SUBMITTING THIS FORM.\",\"validateRequiredField\":\"Bu zorunlu bir aland\\u0131r.\",\"honeypotHoneypotError\":\"Honeypot Hatas\\u0131\",\"fieldsMarkedRequired\":\"FIELDS WITH A * SIGN ARE MANDATORY\",\"currency\":\"\",\"unique_field_error\":\"A form with this value has already been submitted.\",\"logged_in\":false,\"not_logged_in_msg\":\"\",\"sub_limit_msg\":\"The form has reached its submission limit.\",\"calculations\":[],\"formContentData\":[\"name_surname_1672660649394\",\"e-mail_1672660661817\",\"message_1672660681925\",\"summit_1672660690388\"],\"drawerDisabled\":false,\"ninjaForms\":\"Ninja Forms\",\"fieldTextareaRTEInsertLink\":\"Ba\\u011flant\\u0131 Yerle\\u015ftir\",\"fieldTextareaRTEInsertMedia\":\"Medya Yerle\\u015ftir\",\"fieldTextareaRTESelectAFile\":\"Dosya se\\u00e7in\",\"formHoneypot\":\"Bir insan olarak bu alan\\u0131 g\\u00f6rebiliyorsan\\u0131z, l\\u00fctfen bo\\u015f b\\u0131rak\\u0131n.\",\"fileUploadOldCodeFileUploadInProgress\":\"Dosya Y\\u00fckleme \\u0130\\u015flemi Devam Ediyor.\",\"fileUploadOldCodeFileUpload\":\"DOSYA Y\\u00dcKLEME\",\"currencySymbol\":false,\"thousands_sep\":\".\",\"decimal_point\":\",\",\"siteLocale\":\"tr_TR\",\"dateFormat\":\"m\\\/d\\\/Y\",\"startOfWeek\":\"1\",\"of\":\"\\\/\",\"previousMonth\":\"Previous Month\",\"nextMonth\":\"Next Month\",\"months\":[\"January\",\"February\",\"March\",\"April\",\"May\",\"June\",\"July\",\"August\",\"September\",\"October\",\"November\",\"December\"],\"monthsShort\":[\"Jan\",\"Feb\",\"Mar\",\"Apr\",\"May\",\"Jun\",\"Jul\",\"Aug\",\"Sep\",\"Oct\",\"Nov\",\"Dec\"],\"weekdays\":[\"Sunday\",\"Monday\",\"Tuesday\",\"Wednesday\",\"Thursday\",\"Friday\",\"Saturday\"],\"weekdaysShort\":[\"Sun\",\"Mon\",\"Tue\",\"Wed\",\"Thu\",\"Fri\",\"Sat\"],\"weekdaysMin\":[\"Su\",\"Mo\",\"Tu\",\"We\",\"Th\",\"Fr\",\"Sa\"],\"recaptchaConsentMissing\":\"reCaptcha validation couldn&#039;t load.\",\"recaptchaMissingCookie\":\"reCaptcha v3 validation couldn&#039;t load the cookie needed to submit the form.\",\"recaptchaConsentEvent\":\"Accept reCaptcha cookies before sending the form.\",\"currency_symbol\":\"\",\"beforeForm\":\"\",\"beforeFields\":\"\",\"afterFields\":\"\",\"afterForm\":\"\"};form.fields=[{\"objectType\":\"Field\",\"objectDomain\":\"fields\",\"editActive\":false,\"order\":1,\"idAttribute\":\"id\",\"label\":\"Name Surname\",\"type\":\"textbox\",\"key\":\"name_surname_1672660649394\",\"label_pos\":\"above\",\"required\":1,\"default\":\"\",\"placeholder\":\"\",\"container_class\":\"\",\"element_class\":\"\",\"input_limit\":\"\",\"input_limit_type\":\"characters\",\"input_limit_msg\":\"Kalan karakterler\",\"manual_key\":false,\"admin_label\":\"\",\"help_text\":\"\",\"mask\":\"\",\"custom_mask\":\"\",\"custom_name_attribute\":\"\",\"personally_identifiable\":\"\",\"value\":\"\",\"drawerDisabled\":false,\"id\":1,\"beforeField\":\"\",\"afterField\":\"\",\"parentType\":\"textbox\",\"element_templates\":[\"textbox\",\"input\"],\"old_classname\":\"\",\"wrap_template\":\"wrap\"},{\"objectType\":\"Field\",\"objectDomain\":\"fields\",\"editActive\":false,\"order\":2,\"idAttribute\":\"id\",\"label\":\"E-Mail\",\"type\":\"email\",\"key\":\"e-mail_1672660661817\",\"label_pos\":\"above\",\"required\":1,\"default\":\"\",\"placeholder\":\"\",\"container_class\":\"\",\"element_class\":\"\",\"admin_label\":\"\",\"help_text\":\"\",\"custom_name_attribute\":\"email\",\"personally_identifiable\":1,\"value\":\"\",\"id\":2,\"beforeField\":\"\",\"afterField\":\"\",\"parentType\":\"email\",\"element_templates\":[\"email\",\"input\"],\"old_classname\":\"\",\"wrap_template\":\"wrap\"},{\"objectType\":\"Field\",\"objectDomain\":\"fields\",\"editActive\":false,\"order\":3,\"idAttribute\":\"id\",\"label\":\"Message\",\"type\":\"textarea\",\"key\":\"message_1672660681925\",\"label_pos\":\"above\",\"required\":1,\"default\":\"\",\"placeholder\":\"\",\"container_class\":\"\",\"element_class\":\"\",\"input_limit\":\"\",\"input_limit_type\":\"characters\",\"input_limit_msg\":\"Kalan karakterler\",\"manual_key\":false,\"admin_label\":\"\",\"help_text\":\"\",\"textarea_rte\":\"\",\"disable_rte_mobile\":\"\",\"textarea_media\":\"\",\"value\":\"\",\"id\":3,\"beforeField\":\"\",\"afterField\":\"\",\"parentType\":\"textarea\",\"element_templates\":[\"textarea\",\"input\"],\"old_classname\":\"\",\"wrap_template\":\"wrap\"},{\"objectType\":\"Field\",\"objectDomain\":\"fields\",\"editActive\":false,\"order\":4,\"idAttribute\":\"id\",\"label\":\"Summit\",\"type\":\"submit\",\"processing_label\":\"Loading...\",\"container_class\":\"\",\"element_class\":\"\",\"key\":\"summit_1672660690388\",\"drawerDisabled\":false,\"id\":4,\"beforeField\":\"\",\"afterField\":\"\",\"value\":\"\",\"label_pos\":\"above\",\"parentType\":\"textbox\",\"element_templates\":[\"submit\",\"button\",\"input\"],\"old_classname\":\"\",\"wrap_template\":\"wrap-no-label\"}];nfForms.push(form);<\/script>\n                    <\/div>\n            \t\t\t\t<\/div>\n\t\t\t\t<\/div>\n\t\t\t\t\t<\/div>\n\t\t<\/div>\n\t\t\t\t<div class=\"elementor-column elementor-col-50 elementor-top-column elementor-element elementor-element-ff646cf\" data-id=\"ff646cf\" data-element_type=\"column\">\n\t\t\t<div class=\"elementor-widget-wrap elementor-element-populated\">\n\t\t\t\t\t\t<div class=\"elementor-element elementor-element-c4229fd elementor-widget elementor-widget-image\" data-id=\"c4229fd\" data-element_type=\"widget\" data-widget_type=\"image.default\">\n\t\t\t\t<div class=\"elementor-widget-container\">\n\t\t\t\t\t\t\t\t\t\t\t\t\t\t\t<img fetchpriority=\"high\" decoding=\"async\" width=\"800\" height=\"758\" src=\"https:\/\/www.kugudekor.com.tr\/en\/wp-content\/uploads\/sites\/2\/2023\/01\/message-online-chat-social-text-concept-min-1-1024x970-1.jpeg\" class=\"attachment-large size-large wp-image-459\" alt=\"\" srcset=\"https:\/\/www.kugudekor.com.tr\/en\/wp-content\/uploads\/sites\/2\/2023\/01\/message-online-chat-social-text-concept-min-1-1024x970-1.jpeg 1024w, https:\/\/www.kugudekor.com.tr\/en\/wp-content\/uploads\/sites\/2\/2023\/01\/message-online-chat-social-text-concept-min-1-1024x970-1-300x284.jpeg 300w, https:\/\/www.kugudekor.com.tr\/en\/wp-content\/uploads\/sites\/2\/2023\/01\/message-online-chat-social-text-concept-min-1-1024x970-1-768x728.jpeg 768w\" sizes=\"(max-width: 800px) 100vw, 800px\" \/>\t\t\t\t\t\t\t\t\t\t\t\t\t\t\t<\/div>\n\t\t\t\t<\/div>\n\t\t\t\t\t<\/div>\n\t\t<\/div>\n\t\t\t\t\t<\/div>\n\t\t<\/section>\n\t\t\t\t<section class=\"elementor-section elementor-top-section elementor-element elementor-element-d5541c8 elementor-section-boxed elementor-section-height-default elementor-section-height-default wpr-particle-no wpr-jarallax-no wpr-parallax-no wpr-sticky-section-no\" data-id=\"d5541c8\" data-element_type=\"section\">\n\t\t\t\t\t\t<div class=\"elementor-container elementor-column-gap-default\">\n\t\t\t\t\t<div class=\"elementor-column elementor-col-50 elementor-top-column elementor-element elementor-element-6087629\" data-id=\"6087629\" data-element_type=\"column\">\n\t\t\t<div class=\"elementor-widget-wrap elementor-element-populated\">\n\t\t\t\t\t\t<div class=\"elementor-element elementor-element-a1233a0 elementor-widget elementor-widget-image\" data-id=\"a1233a0\" data-element_type=\"widget\" data-widget_type=\"image.default\">\n\t\t\t\t<div class=\"elementor-widget-container\">\n\t\t\t\t\t\t\t\t\t\t\t\t\t\t\t\t<a href=\"https:\/\/goo.gl\/maps\/jEksKaNBNv7bewH57\">\n\t\t\t\t\t\t\t<img decoding=\"async\" width=\"800\" height=\"965\" src=\"https:\/\/www.kugudekor.com.tr\/en\/wp-content\/uploads\/sites\/2\/2023\/01\/Ekran-Resmi-2023-01-02-15.11.47.png\" class=\"attachment-large size-large wp-image-477\" alt=\"\" srcset=\"https:\/\/www.kugudekor.com.tr\/en\/wp-content\/uploads\/sites\/2\/2023\/01\/Ekran-Resmi-2023-01-02-15.11.47.png 846w, https:\/\/www.kugudekor.com.tr\/en\/wp-content\/uploads\/sites\/2\/2023\/01\/Ekran-Resmi-2023-01-02-15.11.47-249x300.png 249w, https:\/\/www.kugudekor.com.tr\/en\/wp-content\/uploads\/sites\/2\/2023\/01\/Ekran-Resmi-2023-01-02-15.11.47-768x926.png 768w\" sizes=\"(max-width: 800px) 100vw, 800px\" \/>\t\t\t\t\t\t\t\t<\/a>\n\t\t\t\t\t\t\t\t\t\t\t\t\t\t\t<\/div>\n\t\t\t\t<\/div>\n\t\t\t\t\t<\/div>\n\t\t<\/div>\n\t\t\t\t<div class=\"elementor-column elementor-col-50 elementor-top-column elementor-element elementor-element-4229d78\" data-id=\"4229d78\" data-element_type=\"column\">\n\t\t\t<div class=\"elementor-widget-wrap elementor-element-populated\">\n\t\t\t\t\t\t<div class=\"elementor-element elementor-element-fdaa6e3 elementor-widget elementor-widget-text-editor\" data-id=\"fdaa6e3\" data-element_type=\"widget\" data-widget_type=\"text-editor.default\">\n\t\t\t\t<div class=\"elementor-widget-container\">\n\t\t\t\t\t\t\t\t\t<div class=\"elementor-column elementor-col-50 elementor-top-column elementor-element elementor-element-9f18900\" data-id=\"9f18900\" data-element_type=\"column\"><div class=\"elementor-widget-wrap elementor-element-populated\"><div class=\"elementor-element elementor-element-0933732 eael-ninja-form-title-yes eael-ninja-form-labels-yes eael-ninja-form-button-custom elementor-widget elementor-widget-eael-ninja\" data-id=\"0933732\" data-element_type=\"widget\" data-widget_type=\"eael-ninja.default\"><div class=\"elementor-widget-container\"><div id=\"eael-ninja-form-14\" class=\"eael-contact-form eael-ninja-form eael-contact-form-align-default\"><div id=\"nf-form-2-cont\" class=\"nf-form-cont\" role=\"form\" aria-live=\"polite\" aria-labelledby=\"nf-form-title-2\" aria-describedby=\"nf-form-errors-2\"><div class=\"nf-form-wrap ninja-forms-form-wrap\"><div class=\"nf-form-layout\"><form><div><div class=\"nf-form-content \"><div id=\"nf-field-8-container\" class=\"nf-field-container submit-container  label-above  textbox-container\"><div class=\"nf-field\"><div id=\"nf-field-8-wrap\" class=\"field-wrap submit-wrap textbox-wrap\" data-field-id=\"8\">\u00a0<\/div><\/div><\/div><\/div><\/div><\/form><\/div><\/div><\/div><\/div><\/div><\/div><\/div><\/div><div class=\"elementor-column elementor-col-50 elementor-top-column elementor-element elementor-element-49fa11d\" data-id=\"49fa11d\" data-element_type=\"column\" data-settings=\"{&quot;background_background&quot;:&quot;classic&quot;}\"><div class=\"elementor-widget-wrap elementor-element-populated\"><div class=\"elementor-element elementor-element-72ec51f elementor-widget elementor-widget-image\" data-id=\"72ec51f\" data-element_type=\"widget\" data-widget_type=\"image.default\"><div class=\"elementor-widget-container\"><strong>Our Address : <\/strong>Ayvansaray Mah. Sultan\u00e7e\u015fme Cad. No:45\/B<\/div><\/div><div class=\"elementor-element elementor-element-4e542cd elementor-widget elementor-widget-text-editor\" data-id=\"4e542cd\" data-element_type=\"widget\" data-widget_type=\"text-editor.default\"><div class=\"elementor-widget-container\"><p>Balat-Fatih\/\u0130stanbul<\/p><p><strong>Our Phone Number:<\/strong><br \/>0212 621 25 20 \u2013 21 \u2013 23<\/p><p><strong>Our Mailing Address Is :<\/strong><br \/><a href=\"mailto:info@kugudekor.com.tr\">info@kugudekor.com.tr<\/a><\/p><p><strong>For Your Project Requests :proje@kugudekor<a href=\"mailto:proje@kugudekor.com.tr\">.<\/a>com<a href=\"mailto:info@kugudekor.com.tr\">.<\/a>tr<\/strong><br \/><a href=\"mailto:proje@kugudekor.com.tr\">proje@kugudekor.com.tr<\/a><\/p><\/div><\/div><\/div><\/div>\t\t\t\t\t\t\t\t<\/div>\n\t\t\t\t<\/div>\n\t\t\t\t\t<\/div>\n\t\t<\/div>\n\t\t\t\t\t<\/div>\n\t\t<\/section>\n\t\t\t\t<\/div>\n\t\t","protected":false},"excerpt":{"rendered":"<p>Bildirim: Bu i\u00e7erik i\u00e7in bir JavaScript gereklidir. \u00a0 Our Address : Ayvansaray Mah. Sultan\u00e7e\u015fme Cad. No:45\/B Balat-Fatih\/\u0130stanbul Our Phone Number:0212 621 25 20 \u2013 21 \u2013 23 Our Mailing Address Is :info@kugudekor.com.tr For Your Project Requests :proje@kugudekor.com.trproje@kugudekor.com.tr<\/p>\n","protected":false},"author":1,"featured_media":0,"parent":0,"menu_order":0,"comment_status":"closed","ping_status":"closed","template":"","meta":{"footnotes":""},"class_list":["post-12","page","type-page","status-publish"],"yoast_head":"<!-- This site is optimized with the Yoast SEO plugin v25.3.1 - https:\/\/yoast.com\/wordpress\/plugins\/seo\/ -->\n<title>contact - Kugu Dekor Fair Stand Design<\/title>\n<meta name=\"robots\" content=\"index, follow, max-snippet:-1, max-image-preview:large, max-video-preview:-1\" \/>\n<link rel=\"canonical\" href=\"https:\/\/www.kugudekor.com.tr\/en\/contact\/\" \/>\n<meta property=\"og:locale\" content=\"tr_TR\" \/>\n<meta property=\"og:type\" content=\"article\" \/>\n<meta property=\"og:title\" content=\"contact - Kugu Dekor Fair Stand Design\" \/>\n<meta property=\"og:description\" content=\"Bildirim: Bu i\u00e7erik i\u00e7in bir JavaScript gereklidir. \u00a0 Our Address : Ayvansaray Mah. Sultan\u00e7e\u015fme Cad. No:45\/B Balat-Fatih\/\u0130stanbul Our Phone Number:0212 621 25 20 \u2013 21 \u2013 23 Our Mailing Address Is :info@kugudekor.com.tr For Your Project Requests :proje@kugudekor.com.trproje@kugudekor.com.tr\" \/>\n<meta property=\"og:url\" content=\"https:\/\/www.kugudekor.com.tr\/en\/contact\/\" \/>\n<meta property=\"og:site_name\" content=\"Kugu Dekor Fair Stand Design\" \/>\n<meta property=\"article:modified_time\" content=\"2023-01-17T17:13:08+00:00\" \/>\n<meta property=\"og:image\" content=\"https:\/\/www.kugudekor.com.tr\/en\/wp-content\/uploads\/sites\/2\/2023\/01\/message-online-chat-social-text-concept-min-1-1024x970-1.jpeg\" \/>\n<meta name=\"twitter:card\" content=\"summary_large_image\" \/>\n<meta name=\"twitter:label1\" content=\"Tahmini okuma s\u00fcresi\" \/>\n\t<meta name=\"twitter:data1\" content=\"2 dakika\" \/>\n<script type=\"application\/ld+json\" class=\"yoast-schema-graph\">{\"@context\":\"https:\/\/schema.org\",\"@graph\":[{\"@type\":\"WebPage\",\"@id\":\"https:\/\/www.kugudekor.com.tr\/en\/contact\/\",\"url\":\"https:\/\/www.kugudekor.com.tr\/en\/contact\/\",\"name\":\"contact - Kugu Dekor Fair Stand Design\",\"isPartOf\":{\"@id\":\"https:\/\/www.kugudekor.com.tr\/en\/#website\"},\"primaryImageOfPage\":{\"@id\":\"https:\/\/www.kugudekor.com.tr\/en\/contact\/#primaryimage\"},\"image\":{\"@id\":\"https:\/\/www.kugudekor.com.tr\/en\/contact\/#primaryimage\"},\"thumbnailUrl\":\"https:\/\/www.kugudekor.com.tr\/en\/wp-content\/uploads\/sites\/2\/2023\/01\/message-online-chat-social-text-concept-min-1-1024x970-1.jpeg\",\"datePublished\":\"2022-07-17T15:57:25+00:00\",\"dateModified\":\"2023-01-17T17:13:08+00:00\",\"breadcrumb\":{\"@id\":\"https:\/\/www.kugudekor.com.tr\/en\/contact\/#breadcrumb\"},\"inLanguage\":\"tr\",\"potentialAction\":[{\"@type\":\"ReadAction\",\"target\":[\"https:\/\/www.kugudekor.com.tr\/en\/contact\/\"]}]},{\"@type\":\"ImageObject\",\"inLanguage\":\"tr\",\"@id\":\"https:\/\/www.kugudekor.com.tr\/en\/contact\/#primaryimage\",\"url\":\"https:\/\/www.kugudekor.com.tr\/en\/wp-content\/uploads\/sites\/2\/2023\/01\/message-online-chat-social-text-concept-min-1-1024x970-1.jpeg\",\"contentUrl\":\"https:\/\/www.kugudekor.com.tr\/en\/wp-content\/uploads\/sites\/2\/2023\/01\/message-online-chat-social-text-concept-min-1-1024x970-1.jpeg\",\"width\":1024,\"height\":970},{\"@type\":\"BreadcrumbList\",\"@id\":\"https:\/\/www.kugudekor.com.tr\/en\/contact\/#breadcrumb\",\"itemListElement\":[{\"@type\":\"ListItem\",\"position\":1,\"name\":\"Anasayfa\",\"item\":\"https:\/\/www.kugudekor.com.tr\/en\/\"},{\"@type\":\"ListItem\",\"position\":2,\"name\":\"contact\"}]},{\"@type\":\"WebSite\",\"@id\":\"https:\/\/www.kugudekor.com.tr\/en\/#website\",\"url\":\"https:\/\/www.kugudekor.com.tr\/en\/\",\"name\":\"Kugu Dekor Fair Stand Design\",\"description\":\"Bir ba\u015fka Fuar stant tasar\u0131m\u0131 site sitesi\",\"potentialAction\":[{\"@type\":\"SearchAction\",\"target\":{\"@type\":\"EntryPoint\",\"urlTemplate\":\"https:\/\/www.kugudekor.com.tr\/en\/?s={search_term_string}\"},\"query-input\":{\"@type\":\"PropertyValueSpecification\",\"valueRequired\":true,\"valueName\":\"search_term_string\"}}],\"inLanguage\":\"tr\"}]}<\/script>\n<!-- \/ Yoast SEO plugin. -->","yoast_head_json":{"title":"contact - Kugu Dekor Fair Stand Design","robots":{"index":"index","follow":"follow","max-snippet":"max-snippet:-1","max-image-preview":"max-image-preview:large","max-video-preview":"max-video-preview:-1"},"canonical":"https:\/\/www.kugudekor.com.tr\/en\/contact\/","og_locale":"tr_TR","og_type":"article","og_title":"contact - Kugu Dekor Fair Stand Design","og_description":"Bildirim: Bu i\u00e7erik i\u00e7in bir JavaScript gereklidir. \u00a0 Our Address : Ayvansaray Mah. Sultan\u00e7e\u015fme Cad. No:45\/B Balat-Fatih\/\u0130stanbul Our Phone Number:0212 621 25 20 \u2013 21 \u2013 23 Our Mailing Address Is :info@kugudekor.com.tr For Your Project Requests :proje@kugudekor.com.trproje@kugudekor.com.tr","og_url":"https:\/\/www.kugudekor.com.tr\/en\/contact\/","og_site_name":"Kugu Dekor Fair Stand Design","article_modified_time":"2023-01-17T17:13:08+00:00","og_image":[{"url":"https:\/\/www.kugudekor.com.tr\/en\/wp-content\/uploads\/sites\/2\/2023\/01\/message-online-chat-social-text-concept-min-1-1024x970-1.jpeg","type":"","width":"","height":""}],"twitter_card":"summary_large_image","twitter_misc":{"Tahmini okuma s\u00fcresi":"2 dakika"},"schema":{"@context":"https:\/\/schema.org","@graph":[{"@type":"WebPage","@id":"https:\/\/www.kugudekor.com.tr\/en\/contact\/","url":"https:\/\/www.kugudekor.com.tr\/en\/contact\/","name":"contact - Kugu Dekor Fair Stand Design","isPartOf":{"@id":"https:\/\/www.kugudekor.com.tr\/en\/#website"},"primaryImageOfPage":{"@id":"https:\/\/www.kugudekor.com.tr\/en\/contact\/#primaryimage"},"image":{"@id":"https:\/\/www.kugudekor.com.tr\/en\/contact\/#primaryimage"},"thumbnailUrl":"https:\/\/www.kugudekor.com.tr\/en\/wp-content\/uploads\/sites\/2\/2023\/01\/message-online-chat-social-text-concept-min-1-1024x970-1.jpeg","datePublished":"2022-07-17T15:57:25+00:00","dateModified":"2023-01-17T17:13:08+00:00","breadcrumb":{"@id":"https:\/\/www.kugudekor.com.tr\/en\/contact\/#breadcrumb"},"inLanguage":"tr","potentialAction":[{"@type":"ReadAction","target":["https:\/\/www.kugudekor.com.tr\/en\/contact\/"]}]},{"@type":"ImageObject","inLanguage":"tr","@id":"https:\/\/www.kugudekor.com.tr\/en\/contact\/#primaryimage","url":"https:\/\/www.kugudekor.com.tr\/en\/wp-content\/uploads\/sites\/2\/2023\/01\/message-online-chat-social-text-concept-min-1-1024x970-1.jpeg","contentUrl":"https:\/\/www.kugudekor.com.tr\/en\/wp-content\/uploads\/sites\/2\/2023\/01\/message-online-chat-social-text-concept-min-1-1024x970-1.jpeg","width":1024,"height":970},{"@type":"BreadcrumbList","@id":"https:\/\/www.kugudekor.com.tr\/en\/contact\/#breadcrumb","itemListElement":[{"@type":"ListItem","position":1,"name":"Anasayfa","item":"https:\/\/www.kugudekor.com.tr\/en\/"},{"@type":"ListItem","position":2,"name":"contact"}]},{"@type":"WebSite","@id":"https:\/\/www.kugudekor.com.tr\/en\/#website","url":"https:\/\/www.kugudekor.com.tr\/en\/","name":"Kugu Dekor Fair Stand Design","description":"Bir ba\u015fka Fuar stant tasar\u0131m\u0131 site sitesi","potentialAction":[{"@type":"SearchAction","target":{"@type":"EntryPoint","urlTemplate":"https:\/\/www.kugudekor.com.tr\/en\/?s={search_term_string}"},"query-input":{"@type":"PropertyValueSpecification","valueRequired":true,"valueName":"search_term_string"}}],"inLanguage":"tr"}]}},"_links":{"self":[{"href":"https:\/\/www.kugudekor.com.tr\/en\/wp-json\/wp\/v2\/pages\/12","targetHints":{"allow":["GET"]}}],"collection":[{"href":"https:\/\/www.kugudekor.com.tr\/en\/wp-json\/wp\/v2\/pages"}],"about":[{"href":"https:\/\/www.kugudekor.com.tr\/en\/wp-json\/wp\/v2\/types\/page"}],"author":[{"embeddable":true,"href":"https:\/\/www.kugudekor.com.tr\/en\/wp-json\/wp\/v2\/users\/1"}],"replies":[{"embeddable":true,"href":"https:\/\/www.kugudekor.com.tr\/en\/wp-json\/wp\/v2\/comments?post=12"}],"version-history":[{"count":31,"href":"https:\/\/www.kugudekor.com.tr\/en\/wp-json\/wp\/v2\/pages\/12\/revisions"}],"predecessor-version":[{"id":550,"href":"https:\/\/www.kugudekor.com.tr\/en\/wp-json\/wp\/v2\/pages\/12\/revisions\/550"}],"wp:attachment":[{"href":"https:\/\/www.kugudekor.com.tr\/en\/wp-json\/wp\/v2\/media?parent=12"}],"curies":[{"name":"wp","href":"https:\/\/api.w.org\/{rel}","templated":true}]}}