{"id":9,"date":"2022-07-17T19:04:00","date_gmt":"2022-07-17T16:04:00","guid":{"rendered":"https:\/\/www.kugudekor.com.tr\/de\/?page_id=9"},"modified":"2023-01-11T13:13:02","modified_gmt":"2023-01-11T10:13:02","slug":"uber-uns","status":"publish","type":"page","link":"https:\/\/www.kugudekor.com.tr\/de\/uber-uns\/","title":{"rendered":"\u00dcber uns"},"content":{"rendered":"\t\t<div data-elementor-type=\"wp-page\" data-elementor-id=\"9\" class=\"elementor elementor-9\">\n\t\t\t\t\t\t<section class=\"elementor-section elementor-top-section elementor-element elementor-element-d97fa89 elementor-section-boxed elementor-section-height-default elementor-section-height-default wpr-particle-no wpr-jarallax-no wpr-parallax-no wpr-sticky-section-no\" data-id=\"d97fa89\" data-element_type=\"section\">\n\t\t\t\t\t\t<div class=\"elementor-container elementor-column-gap-default\">\n\t\t\t\t\t<div class=\"elementor-column elementor-col-100 elementor-top-column elementor-element elementor-element-ee24439\" data-id=\"ee24439\" data-element_type=\"column\">\n\t\t\t<div class=\"elementor-widget-wrap elementor-element-populated\">\n\t\t\t\t\t\t<div class=\"elementor-element elementor-element-b97377b elementor-widget elementor-widget-text-editor\" data-id=\"b97377b\" data-element_type=\"widget\" data-widget_type=\"text-editor.default\">\n\t\t\t\t<div class=\"elementor-widget-container\">\n\t\t\t\t\t\t\t\t\t<p>\u201cKu\u011fu Dekor\u201d ist ein Dekorationsunternehmen, das seit 1995 viele in- und ausl\u00e4ndische Unternehmen im Bereich B\u00fchnen- und Standdekoration bedient. Wir entwerfen und implementieren das INTERNE SYSTEM Stand- und Rauml\u00f6sungssystem, das von der Forschungs- und Entwicklungsabteilung unseres Unternehmens entwickelt wurde. Mit unserem hauseigenen Konstruktions-, Fertigungs- und Montageteam k\u00f6nnen wir alle Phasen schnell und effektiv l\u00f6sen. Wir konzipieren und realisieren Internal System Produkte, die durch ihr besonderes Design und die Verwendung hochwertiger Materialien einen Mehrwert schaffen, damit Sie sich wie ein Teil davon f\u00fchlen.<\/p>\t\t\t\t\t\t\t\t<\/div>\n\t\t\t\t<\/div>\n\t\t\t\t\t<\/div>\n\t\t<\/div>\n\t\t\t\t\t<\/div>\n\t\t<\/section>\n\t\t\t\t<section class=\"elementor-section elementor-top-section elementor-element elementor-element-5646ef6 elementor-section-boxed elementor-section-height-default elementor-section-height-default wpr-particle-no wpr-jarallax-no wpr-parallax-no wpr-sticky-section-no\" data-id=\"5646ef6\" data-element_type=\"section\">\n\t\t\t\t\t\t<div class=\"elementor-container elementor-column-gap-default\">\n\t\t\t\t\t<div class=\"elementor-column elementor-col-100 elementor-top-column elementor-element elementor-element-ecfd57a\" data-id=\"ecfd57a\" data-element_type=\"column\">\n\t\t\t<div class=\"elementor-widget-wrap elementor-element-populated\">\n\t\t\t\t\t\t<div class=\"elementor-element elementor-element-75b0df4 elementor-widget elementor-widget-text-editor\" data-id=\"75b0df4\" data-element_type=\"widget\" data-widget_type=\"text-editor.default\">\n\t\t\t\t<div class=\"elementor-widget-container\">\n\t\t\t\t\t\t\t\t\t<p>\u201cKu\u011fu Dekor\u201d ist ein Dekorationsunternehmen, das seit 1995 viele in- und ausl\u00e4ndische Unternehmen im Bereich B\u00fchnen- und Standdekoration bedient. Wir entwerfen und implementieren das INTERNE SYSTEM Stand- und Rauml\u00f6sungssystem, das von der Forschungs- und Entwicklungsabteilung unseres Unternehmens entwickelt wurde. Mit unserem hauseigenen Konstruktions-, Fertigungs- und Montageteam k\u00f6nnen wir alle Phasen schnell und effektiv l\u00f6sen. Wir konzipieren und realisieren Internal System Produkte, die durch ihr besonderes Design und die Verwendung hochwertiger Materialien einen Mehrwert schaffen, damit Sie sich wie ein Teil davon f\u00fchlen.<\/p>\t\t\t\t\t\t\t\t<\/div>\n\t\t\t\t<\/div>\n\t\t\t\t\t<\/div>\n\t\t<\/div>\n\t\t\t\t\t<\/div>\n\t\t<\/section>\n\t\t\t\t<\/div>\n\t\t","protected":false},"excerpt":{"rendered":"<p>\u201cKu\u011fu Dekor\u201d ist ein Dekorationsunternehmen, das seit 1995 viele in- und ausl\u00e4ndische Unternehmen im Bereich B\u00fchnen- und Standdekoration bedient. Wir entwerfen und implementieren das INTERNE SYSTEM Stand- und Rauml\u00f6sungssystem, das von der Forschungs- und Entwicklungsabteilung unseres Unternehmens entwickelt wurde. Mit unserem hauseigenen Konstruktions-, Fertigungs- und Montageteam k\u00f6nnen wir alle Phasen schnell und effektiv l\u00f6sen. Wir konzipieren und realisieren Internal System Produkte, die durch ihr besonderes Design und die Verwendung hochwertiger Materialien einen Mehrwert schaffen, damit Sie sich wie ein Teil davon f\u00fchlen. \u201cKu\u011fu Dekor\u201d ist ein Dekorationsunternehmen, das seit 1995 viele in- und ausl\u00e4ndische Unternehmen im Bereich B\u00fchnen- und Standdekoration bedient. Wir entwerfen und implementieren das INTERNE SYSTEM Stand- und Rauml\u00f6sungssystem, das von der Forschungs- und Entwicklungsabteilung unseres Unternehmens entwickelt wurde. Mit unserem hauseigenen Konstruktions-, Fertigungs- und Montageteam k\u00f6nnen wir alle Phasen schnell und effektiv l\u00f6sen. Wir konzipieren und realisieren Internal System Produkte, die durch ihr besonderes Design und die&hellip;<\/p>\n<p> <a class=\"more-link\" href=\"https:\/\/www.kugudekor.com.tr\/de\/uber-uns\/\">Daha fazla oku<\/a><\/p>\n","protected":false},"author":1,"featured_media":0,"parent":0,"menu_order":0,"comment_status":"closed","ping_status":"closed","template":"","meta":{"footnotes":""},"class_list":["post-9","page","type-page","status-publish"],"yoast_head":"<!-- This site is optimized with the Yoast SEO plugin v25.3.1 - https:\/\/yoast.com\/wordpress\/plugins\/seo\/ -->\n<title>\u00dcber uns - Kugu Dekor Fair Stand Entwurf<\/title>\n<meta name=\"robots\" content=\"index, follow, max-snippet:-1, max-image-preview:large, max-video-preview:-1\" \/>\n<link rel=\"canonical\" href=\"https:\/\/www.kugudekor.com.tr\/de\/uber-uns\/\" \/>\n<meta property=\"og:locale\" content=\"tr_TR\" \/>\n<meta property=\"og:type\" content=\"article\" \/>\n<meta property=\"og:title\" content=\"\u00dcber uns - Kugu Dekor Fair Stand Entwurf\" \/>\n<meta property=\"og:description\" content=\"\u201cKu\u011fu Dekor\u201d ist ein Dekorationsunternehmen, das seit 1995 viele in- und ausl\u00e4ndische Unternehmen im Bereich B\u00fchnen- und Standdekoration bedient. Wir entwerfen und implementieren das INTERNE SYSTEM Stand- und Rauml\u00f6sungssystem, das von der Forschungs- und Entwicklungsabteilung unseres Unternehmens entwickelt wurde. Mit unserem hauseigenen Konstruktions-, Fertigungs- und Montageteam k\u00f6nnen wir alle Phasen schnell und effektiv l\u00f6sen. Wir konzipieren und realisieren Internal System Produkte, die durch ihr besonderes Design und die Verwendung hochwertiger Materialien einen Mehrwert schaffen, damit Sie sich wie ein Teil davon f\u00fchlen. \u201cKu\u011fu Dekor\u201d ist ein Dekorationsunternehmen, das seit 1995 viele in- und ausl\u00e4ndische Unternehmen im Bereich B\u00fchnen- und Standdekoration bedient. Wir entwerfen und implementieren das INTERNE SYSTEM Stand- und Rauml\u00f6sungssystem, das von der Forschungs- und Entwicklungsabteilung unseres Unternehmens entwickelt wurde. Mit unserem hauseigenen Konstruktions-, Fertigungs- und Montageteam k\u00f6nnen wir alle Phasen schnell und effektiv l\u00f6sen. Wir konzipieren und realisieren Internal System Produkte, die durch ihr besonderes Design und die&hellip;  Daha fazla oku\" \/>\n<meta property=\"og:url\" content=\"https:\/\/www.kugudekor.com.tr\/de\/uber-uns\/\" \/>\n<meta property=\"og:site_name\" content=\"Kugu Dekor Fair Stand Entwurf\" \/>\n<meta property=\"article:modified_time\" content=\"2023-01-11T10:13:02+00:00\" \/>\n<meta name=\"twitter:card\" content=\"summary_large_image\" \/>\n<meta name=\"twitter:label1\" content=\"Tahmini okuma s\u00fcresi\" \/>\n\t<meta name=\"twitter:data1\" content=\"1 dakika\" \/>\n<script type=\"application\/ld+json\" class=\"yoast-schema-graph\">{\"@context\":\"https:\/\/schema.org\",\"@graph\":[{\"@type\":\"WebPage\",\"@id\":\"https:\/\/www.kugudekor.com.tr\/de\/uber-uns\/\",\"url\":\"https:\/\/www.kugudekor.com.tr\/de\/uber-uns\/\",\"name\":\"\u00dcber uns - Kugu Dekor Fair Stand Entwurf\",\"isPartOf\":{\"@id\":\"https:\/\/www.kugudekor.com.tr\/de\/#website\"},\"datePublished\":\"2022-07-17T16:04:00+00:00\",\"dateModified\":\"2023-01-11T10:13:02+00:00\",\"breadcrumb\":{\"@id\":\"https:\/\/www.kugudekor.com.tr\/de\/uber-uns\/#breadcrumb\"},\"inLanguage\":\"tr\",\"potentialAction\":[{\"@type\":\"ReadAction\",\"target\":[\"https:\/\/www.kugudekor.com.tr\/de\/uber-uns\/\"]}]},{\"@type\":\"BreadcrumbList\",\"@id\":\"https:\/\/www.kugudekor.com.tr\/de\/uber-uns\/#breadcrumb\",\"itemListElement\":[{\"@type\":\"ListItem\",\"position\":1,\"name\":\"Anasayfa\",\"item\":\"https:\/\/www.kugudekor.com.tr\/de\/\"},{\"@type\":\"ListItem\",\"position\":2,\"name\":\"\u00dcber uns\"}]},{\"@type\":\"WebSite\",\"@id\":\"https:\/\/www.kugudekor.com.tr\/de\/#website\",\"url\":\"https:\/\/www.kugudekor.com.tr\/de\/\",\"name\":\"Kugu Dekor Fair Stand Entwurf\",\"description\":\"Bir ba\u015fka Fuar stant tasar\u0131m\u0131 site sitesi\",\"potentialAction\":[{\"@type\":\"SearchAction\",\"target\":{\"@type\":\"EntryPoint\",\"urlTemplate\":\"https:\/\/www.kugudekor.com.tr\/de\/?s={search_term_string}\"},\"query-input\":{\"@type\":\"PropertyValueSpecification\",\"valueRequired\":true,\"valueName\":\"search_term_string\"}}],\"inLanguage\":\"tr\"}]}<\/script>\n<!-- \/ Yoast SEO plugin. -->","yoast_head_json":{"title":"\u00dcber uns - Kugu Dekor Fair Stand Entwurf","robots":{"index":"index","follow":"follow","max-snippet":"max-snippet:-1","max-image-preview":"max-image-preview:large","max-video-preview":"max-video-preview:-1"},"canonical":"https:\/\/www.kugudekor.com.tr\/de\/uber-uns\/","og_locale":"tr_TR","og_type":"article","og_title":"\u00dcber uns - Kugu Dekor Fair Stand Entwurf","og_description":"\u201cKu\u011fu Dekor\u201d ist ein Dekorationsunternehmen, das seit 1995 viele in- und ausl\u00e4ndische Unternehmen im Bereich B\u00fchnen- und Standdekoration bedient. Wir entwerfen und implementieren das INTERNE SYSTEM Stand- und Rauml\u00f6sungssystem, das von der Forschungs- und Entwicklungsabteilung unseres Unternehmens entwickelt wurde. Mit unserem hauseigenen Konstruktions-, Fertigungs- und Montageteam k\u00f6nnen wir alle Phasen schnell und effektiv l\u00f6sen. Wir konzipieren und realisieren Internal System Produkte, die durch ihr besonderes Design und die Verwendung hochwertiger Materialien einen Mehrwert schaffen, damit Sie sich wie ein Teil davon f\u00fchlen. \u201cKu\u011fu Dekor\u201d ist ein Dekorationsunternehmen, das seit 1995 viele in- und ausl\u00e4ndische Unternehmen im Bereich B\u00fchnen- und Standdekoration bedient. Wir entwerfen und implementieren das INTERNE SYSTEM Stand- und Rauml\u00f6sungssystem, das von der Forschungs- und Entwicklungsabteilung unseres Unternehmens entwickelt wurde. Mit unserem hauseigenen Konstruktions-, Fertigungs- und Montageteam k\u00f6nnen wir alle Phasen schnell und effektiv l\u00f6sen. Wir konzipieren und realisieren Internal System Produkte, die durch ihr besonderes Design und die&hellip;  Daha fazla oku","og_url":"https:\/\/www.kugudekor.com.tr\/de\/uber-uns\/","og_site_name":"Kugu Dekor Fair Stand Entwurf","article_modified_time":"2023-01-11T10:13:02+00:00","twitter_card":"summary_large_image","twitter_misc":{"Tahmini okuma s\u00fcresi":"1 dakika"},"schema":{"@context":"https:\/\/schema.org","@graph":[{"@type":"WebPage","@id":"https:\/\/www.kugudekor.com.tr\/de\/uber-uns\/","url":"https:\/\/www.kugudekor.com.tr\/de\/uber-uns\/","name":"\u00dcber uns - Kugu Dekor Fair Stand Entwurf","isPartOf":{"@id":"https:\/\/www.kugudekor.com.tr\/de\/#website"},"datePublished":"2022-07-17T16:04:00+00:00","dateModified":"2023-01-11T10:13:02+00:00","breadcrumb":{"@id":"https:\/\/www.kugudekor.com.tr\/de\/uber-uns\/#breadcrumb"},"inLanguage":"tr","potentialAction":[{"@type":"ReadAction","target":["https:\/\/www.kugudekor.com.tr\/de\/uber-uns\/"]}]},{"@type":"BreadcrumbList","@id":"https:\/\/www.kugudekor.com.tr\/de\/uber-uns\/#breadcrumb","itemListElement":[{"@type":"ListItem","position":1,"name":"Anasayfa","item":"https:\/\/www.kugudekor.com.tr\/de\/"},{"@type":"ListItem","position":2,"name":"\u00dcber uns"}]},{"@type":"WebSite","@id":"https:\/\/www.kugudekor.com.tr\/de\/#website","url":"https:\/\/www.kugudekor.com.tr\/de\/","name":"Kugu Dekor Fair Stand Entwurf","description":"Bir ba\u015fka Fuar stant tasar\u0131m\u0131 site sitesi","potentialAction":[{"@type":"SearchAction","target":{"@type":"EntryPoint","urlTemplate":"https:\/\/www.kugudekor.com.tr\/de\/?s={search_term_string}"},"query-input":{"@type":"PropertyValueSpecification","valueRequired":true,"valueName":"search_term_string"}}],"inLanguage":"tr"}]}},"_links":{"self":[{"href":"https:\/\/www.kugudekor.com.tr\/de\/wp-json\/wp\/v2\/pages\/9","targetHints":{"allow":["GET"]}}],"collection":[{"href":"https:\/\/www.kugudekor.com.tr\/de\/wp-json\/wp\/v2\/pages"}],"about":[{"href":"https:\/\/www.kugudekor.com.tr\/de\/wp-json\/wp\/v2\/types\/page"}],"author":[{"embeddable":true,"href":"https:\/\/www.kugudekor.com.tr\/de\/wp-json\/wp\/v2\/users\/1"}],"replies":[{"embeddable":true,"href":"https:\/\/www.kugudekor.com.tr\/de\/wp-json\/wp\/v2\/comments?post=9"}],"version-history":[{"count":4,"href":"https:\/\/www.kugudekor.com.tr\/de\/wp-json\/wp\/v2\/pages\/9\/revisions"}],"predecessor-version":[{"id":208,"href":"https:\/\/www.kugudekor.com.tr\/de\/wp-json\/wp\/v2\/pages\/9\/revisions\/208"}],"wp:attachment":[{"href":"https:\/\/www.kugudekor.com.tr\/de\/wp-json\/wp\/v2\/media?parent=9"}],"curies":[{"name":"wp","href":"https:\/\/api.w.org\/{rel}","templated":true}]}}