{"id":7,"date":"2022-07-17T19:03:07","date_gmt":"2022-07-17T16:03:07","guid":{"rendered":"https:\/\/www.kugudekor.com.tr\/de\/?page_id=7"},"modified":"2023-01-11T14:01:28","modified_gmt":"2023-01-11T11:01:28","slug":"kontakt","status":"publish","type":"page","link":"https:\/\/www.kugudekor.com.tr\/de\/kontakt\/","title":{"rendered":"Kontakt"},"content":{"rendered":"\t\t<div data-elementor-type=\"wp-page\" data-elementor-id=\"7\" class=\"elementor elementor-7\">\n\t\t\t\t\t\t<section class=\"elementor-section elementor-top-section elementor-element elementor-element-cbe59cf elementor-section-boxed elementor-section-height-default elementor-section-height-default wpr-particle-no wpr-jarallax-no wpr-parallax-no wpr-sticky-section-no\" data-id=\"cbe59cf\" data-element_type=\"section\">\n\t\t\t\t\t\t<div class=\"elementor-container elementor-column-gap-default\">\n\t\t\t\t\t<div class=\"elementor-column elementor-col-50 elementor-top-column elementor-element elementor-element-411a7a1\" data-id=\"411a7a1\" data-element_type=\"column\">\n\t\t\t<div class=\"elementor-widget-wrap elementor-element-populated\">\n\t\t\t\t\t\t<div class=\"elementor-element elementor-element-689ff8c eael-ninja-form-title-yes eael-ninja-form-labels-yes eael-ninja-form-button-custom elementor-widget elementor-widget-eael-ninja\" data-id=\"689ff8c\" data-element_type=\"widget\" data-widget_type=\"eael-ninja.default\">\n\t\t\t\t<div class=\"elementor-widget-container\">\n\t\t\t\t\t            <div class=\"eael-contact-form eael-ninja-form eael-contact-form-align-default\" id=\"eael-ninja-form-7\">\n                                <noscript class=\"ninja-forms-noscript-message\">\n\tBildirim: Bu i\u00e7erik i\u00e7in bir JavaScript gereklidir.<\/noscript>\n<div id=\"nf-form-2-cont\" class=\"nf-form-cont\" aria-live=\"polite\" aria-labelledby=\"nf-form-title-2\" aria-describedby=\"nf-form-errors-2\" role=\"form\">\n\n    <div class=\"nf-loading-spinner\"><\/div>\n\n<\/div>\n        <!-- That data is being printed as a workaround to page builders reordering the order of the scripts loaded-->\n        <script>var formDisplay=1;var nfForms=nfForms||[];var form=[];form.id='2';form.settings={\"objectType\":\"Form Setting\",\"editActive\":false,\"title\":\"\\u0130leti\\u015fim formu\",\"show_title\":1,\"allow_public_link\":0,\"embed_form\":\"\",\"clear_complete\":1,\"hide_complete\":1,\"default_label_pos\":\"above\",\"wrapper_class\":\"\",\"element_class\":\"\",\"key\":\"\",\"add_submit\":0,\"currency\":\"\",\"unique_field_error\":\"A form with this value has already been submitted.\",\"logged_in\":false,\"not_logged_in_msg\":\"\",\"sub_limit_msg\":\"The form has reached its submission limit.\",\"calculations\":[],\"formContentData\":[\"vorname_nachname_1673434181424\",\"e-mail_1673434231308\",\"nachricht_1673434259787\",\"senden_1673434304075\"],\"ninjaForms\":\"Ninja Forms\",\"changeEmailErrorMsg\":\"L\\u00fctfen ge\\u00e7erli bir e-posta adresi girin!\",\"changeDateErrorMsg\":\"Please enter a valid date!\",\"confirmFieldErrorMsg\":\"Bu alanlar e\\u015fle\\u015fmelidir!\",\"fieldNumberNumMinError\":\"Minimum Say\\u0131 Hatas\\u0131\",\"fieldNumberNumMaxError\":\"Maksimum Say\\u0131 Hatas\\u0131\",\"fieldNumberIncrementBy\":\"L\\u00fctfen \\u015funa g\\u00f6re art\\u0131r\\u0131n: \",\"fieldTextareaRTEInsertLink\":\"Ba\\u011flant\\u0131 Yerle\\u015ftir\",\"fieldTextareaRTEInsertMedia\":\"Medya Yerle\\u015ftir\",\"fieldTextareaRTESelectAFile\":\"Dosya se\\u00e7in\",\"formErrorsCorrectErrors\":\"L\\u00fctfen bu formu g\\u00f6ndermeden \\u00f6nce hatalar\\u0131 d\\u00fczeltin.\",\"formHoneypot\":\"Bir insan olarak bu alan\\u0131 g\\u00f6rebiliyorsan\\u0131z, l\\u00fctfen bo\\u015f b\\u0131rak\\u0131n.\",\"validateRequiredField\":\"Bu zorunlu bir aland\\u0131r.\",\"honeypotHoneypotError\":\"Honeypot Hatas\\u0131\",\"fileUploadOldCodeFileUploadInProgress\":\"Dosya Y\\u00fckleme \\u0130\\u015flemi Devam Ediyor.\",\"fileUploadOldCodeFileUpload\":\"DOSYA Y\\u00dcKLEME\",\"currencySymbol\":false,\"fieldsMarkedRequired\":\"<span class=\\\"ninja-forms-req-symbol\\\">*<\\\/span> i\\u015fareti olan alanlar zorunludur\",\"thousands_sep\":\".\",\"decimal_point\":\",\",\"siteLocale\":\"tr_TR\",\"dateFormat\":\"m\\\/d\\\/Y\",\"startOfWeek\":\"1\",\"of\":\"\\\/\",\"previousMonth\":\"Previous Month\",\"nextMonth\":\"Next Month\",\"months\":[\"January\",\"February\",\"March\",\"April\",\"May\",\"June\",\"July\",\"August\",\"September\",\"October\",\"November\",\"December\"],\"monthsShort\":[\"Jan\",\"Feb\",\"Mar\",\"Apr\",\"May\",\"Jun\",\"Jul\",\"Aug\",\"Sep\",\"Oct\",\"Nov\",\"Dec\"],\"weekdays\":[\"Sunday\",\"Monday\",\"Tuesday\",\"Wednesday\",\"Thursday\",\"Friday\",\"Saturday\"],\"weekdaysShort\":[\"Sun\",\"Mon\",\"Tue\",\"Wed\",\"Thu\",\"Fri\",\"Sat\"],\"weekdaysMin\":[\"Su\",\"Mo\",\"Tu\",\"We\",\"Th\",\"Fr\",\"Sa\"],\"recaptchaConsentMissing\":\"reCaptcha validation couldn&#039;t load.\",\"recaptchaMissingCookie\":\"reCaptcha v3 validation couldn&#039;t load the cookie needed to submit the form.\",\"recaptchaConsentEvent\":\"Accept reCaptcha cookies before sending the form.\",\"currency_symbol\":\"\",\"beforeForm\":\"\",\"beforeFields\":\"\",\"afterFields\":\"\",\"afterForm\":\"\"};form.fields=[{\"objectType\":\"Field\",\"objectDomain\":\"fields\",\"editActive\":false,\"order\":1,\"idAttribute\":\"id\",\"label\":\"Vorname Nachname\",\"type\":\"textbox\",\"key\":\"vorname_nachname_1673434181424\",\"label_pos\":\"above\",\"required\":1,\"default\":\"\",\"placeholder\":\"\",\"container_class\":\"\",\"element_class\":\"\",\"input_limit\":\"\",\"input_limit_type\":\"characters\",\"input_limit_msg\":\"Kalan karakterler\",\"manual_key\":false,\"admin_label\":\"\",\"help_text\":\"\",\"mask\":\"\",\"custom_mask\":\"\",\"custom_name_attribute\":\"\",\"personally_identifiable\":\"\",\"value\":\"\",\"drawerDisabled\":false,\"id\":8,\"beforeField\":\"\",\"afterField\":\"\",\"parentType\":\"textbox\",\"element_templates\":[\"textbox\",\"input\"],\"old_classname\":\"\",\"wrap_template\":\"wrap\"},{\"objectType\":\"Field\",\"objectDomain\":\"fields\",\"editActive\":false,\"order\":2,\"idAttribute\":\"id\",\"label\":\"E-Mail\",\"type\":\"email\",\"key\":\"e-mail_1673434231308\",\"label_pos\":\"above\",\"required\":1,\"default\":\"\",\"placeholder\":\"\",\"container_class\":\"\",\"element_class\":\"\",\"admin_label\":\"\",\"help_text\":\"\",\"custom_name_attribute\":\"email\",\"personally_identifiable\":1,\"value\":\"\",\"id\":9,\"beforeField\":\"\",\"afterField\":\"\",\"parentType\":\"email\",\"element_templates\":[\"email\",\"input\"],\"old_classname\":\"\",\"wrap_template\":\"wrap\"},{\"objectType\":\"Field\",\"objectDomain\":\"fields\",\"editActive\":false,\"order\":3,\"idAttribute\":\"id\",\"label\":\"Nachricht\",\"type\":\"textarea\",\"key\":\"nachricht_1673434259787\",\"label_pos\":\"above\",\"required\":1,\"default\":\"\",\"placeholder\":\"\",\"container_class\":\"\",\"element_class\":\"\",\"input_limit\":\"\",\"input_limit_type\":\"characters\",\"input_limit_msg\":\"Kalan karakterler\",\"manual_key\":false,\"admin_label\":\"\",\"help_text\":\"\",\"textarea_rte\":\"\",\"disable_rte_mobile\":\"\",\"textarea_media\":\"\",\"value\":\"\",\"drawerDisabled\":false,\"id\":10,\"beforeField\":\"\",\"afterField\":\"\",\"parentType\":\"textarea\",\"element_templates\":[\"textarea\",\"input\"],\"old_classname\":\"\",\"wrap_template\":\"wrap\"},{\"objectType\":\"Field\",\"objectDomain\":\"fields\",\"editActive\":false,\"order\":4,\"idAttribute\":\"id\",\"label\":\"Senden\",\"type\":\"submit\",\"processing_label\":\"Senden...\",\"container_class\":\"\",\"element_class\":\"\",\"key\":\"senden_1673434304075\",\"drawerDisabled\":false,\"id\":11,\"beforeField\":\"\",\"afterField\":\"\",\"value\":\"\",\"label_pos\":\"above\",\"parentType\":\"textbox\",\"element_templates\":[\"submit\",\"button\",\"input\"],\"old_classname\":\"\",\"wrap_template\":\"wrap-no-label\"}];nfForms.push(form);<\/script>\n                    <\/div>\n            \t\t\t\t<\/div>\n\t\t\t\t<\/div>\n\t\t\t\t\t<\/div>\n\t\t<\/div>\n\t\t\t\t<div class=\"elementor-column elementor-col-50 elementor-top-column elementor-element elementor-element-7e0008b\" data-id=\"7e0008b\" data-element_type=\"column\">\n\t\t\t<div class=\"elementor-widget-wrap elementor-element-populated\">\n\t\t\t\t\t\t<div class=\"elementor-element elementor-element-297d750 elementor-widget elementor-widget-image\" data-id=\"297d750\" data-element_type=\"widget\" data-widget_type=\"image.default\">\n\t\t\t\t<div class=\"elementor-widget-container\">\n\t\t\t\t\t\t\t\t\t\t\t\t\t\t\t<img fetchpriority=\"high\" decoding=\"async\" width=\"800\" height=\"758\" src=\"https:\/\/www.kugudekor.com.tr\/de\/wp-content\/uploads\/sites\/3\/2023\/01\/message-online-chat-social-text-concept-min-1-1024x970-1.jpg\" class=\"attachment-large size-large wp-image-225\" alt=\"\" srcset=\"https:\/\/www.kugudekor.com.tr\/de\/wp-content\/uploads\/sites\/3\/2023\/01\/message-online-chat-social-text-concept-min-1-1024x970-1.jpg 1024w, https:\/\/www.kugudekor.com.tr\/de\/wp-content\/uploads\/sites\/3\/2023\/01\/message-online-chat-social-text-concept-min-1-1024x970-1-300x284.jpg 300w, https:\/\/www.kugudekor.com.tr\/de\/wp-content\/uploads\/sites\/3\/2023\/01\/message-online-chat-social-text-concept-min-1-1024x970-1-768x728.jpg 768w\" sizes=\"(max-width: 800px) 100vw, 800px\" \/>\t\t\t\t\t\t\t\t\t\t\t\t\t\t\t<\/div>\n\t\t\t\t<\/div>\n\t\t\t\t<div class=\"elementor-element elementor-element-56f44fb elementor-widget elementor-widget-text-editor\" data-id=\"56f44fb\" data-element_type=\"widget\" data-widget_type=\"text-editor.default\">\n\t\t\t\t<div class=\"elementor-widget-container\">\n\t\t\t\t\t\t\t\t\t<p><strong>Unsere Adresse :<\/strong><br \/>Ayvansaray Mah. Sultan\u00e7e\u015fme Cad. No:45\/B<br \/>Balat-Fatih\/\u0130stanbul<\/p>\n<p><strong>Unsere Telefonnummer :<\/strong><br \/>0212 621 25 20 \u2013 21 \u2013 23<\/p>\n<p><strong>E-Mail :<\/strong><br \/><a href=\"mailto:info@kugudekor.com.tr\">info@kugudekor.com.tr<\/a><\/p>\n<p><strong>F\u00fcr Ihre Projekte :<\/strong><br \/><a href=\"mailto:proje@kugudekor.com.tr\">proje@kugudekor.com.tr<\/a><\/p>\t\t\t\t\t\t\t\t<\/div>\n\t\t\t\t<\/div>\n\t\t\t\t\t<\/div>\n\t\t<\/div>\n\t\t\t\t\t<\/div>\n\t\t<\/section>\n\t\t\t\t<section class=\"elementor-section elementor-top-section elementor-element elementor-element-1a04761 elementor-section-boxed elementor-section-height-default elementor-section-height-default wpr-particle-no wpr-jarallax-no wpr-parallax-no wpr-sticky-section-no\" data-id=\"1a04761\" data-element_type=\"section\">\n\t\t\t\t\t\t<div class=\"elementor-container elementor-column-gap-default\">\n\t\t\t\t\t<div class=\"elementor-column elementor-col-100 elementor-top-column elementor-element elementor-element-df7e9ab\" data-id=\"df7e9ab\" data-element_type=\"column\">\n\t\t\t<div class=\"elementor-widget-wrap elementor-element-populated\">\n\t\t\t\t\t\t<div class=\"elementor-element elementor-element-7c25fb4 elementor-widget elementor-widget-image\" data-id=\"7c25fb4\" data-element_type=\"widget\" data-widget_type=\"image.default\">\n\t\t\t\t<div class=\"elementor-widget-container\">\n\t\t\t\t\t\t\t\t\t\t\t\t\t\t\t<img decoding=\"async\" width=\"800\" height=\"310\" src=\"https:\/\/www.kugudekor.com.tr\/de\/wp-content\/uploads\/sites\/3\/2023\/01\/Ekran-Resmi-2022-07-21-19.30.27-1024x397.png\" class=\"attachment-large size-large wp-image-229\" alt=\"\" srcset=\"https:\/\/www.kugudekor.com.tr\/de\/wp-content\/uploads\/sites\/3\/2023\/01\/Ekran-Resmi-2022-07-21-19.30.27-1024x397.png 1024w, https:\/\/www.kugudekor.com.tr\/de\/wp-content\/uploads\/sites\/3\/2023\/01\/Ekran-Resmi-2022-07-21-19.30.27-300x116.png 300w, https:\/\/www.kugudekor.com.tr\/de\/wp-content\/uploads\/sites\/3\/2023\/01\/Ekran-Resmi-2022-07-21-19.30.27-768x297.png 768w, https:\/\/www.kugudekor.com.tr\/de\/wp-content\/uploads\/sites\/3\/2023\/01\/Ekran-Resmi-2022-07-21-19.30.27-1536x595.png 1536w, https:\/\/www.kugudekor.com.tr\/de\/wp-content\/uploads\/sites\/3\/2023\/01\/Ekran-Resmi-2022-07-21-19.30.27.png 1756w\" sizes=\"(max-width: 800px) 100vw, 800px\" \/>\t\t\t\t\t\t\t\t\t\t\t\t\t\t\t<\/div>\n\t\t\t\t<\/div>\n\t\t\t\t\t<\/div>\n\t\t<\/div>\n\t\t\t\t\t<\/div>\n\t\t<\/section>\n\t\t\t\t<\/div>\n\t\t","protected":false},"excerpt":{"rendered":"<p>Bildirim: Bu i\u00e7erik i\u00e7in bir JavaScript gereklidir. Unsere Adresse :Ayvansaray Mah. Sultan\u00e7e\u015fme Cad. No:45\/BBalat-Fatih\/\u0130stanbul Unsere Telefonnummer :0212 621 25 20 \u2013 21 \u2013 23 E-Mail :info@kugudekor.com.tr F\u00fcr Ihre Projekte :proje@kugudekor.com.tr<\/p>\n","protected":false},"author":1,"featured_media":0,"parent":0,"menu_order":0,"comment_status":"closed","ping_status":"closed","template":"","meta":{"footnotes":""},"class_list":["post-7","page","type-page","status-publish"],"yoast_head":"<!-- This site is optimized with the Yoast SEO plugin v25.3.1 - https:\/\/yoast.com\/wordpress\/plugins\/seo\/ -->\n<title>Kontakt - Kugu Dekor Fair Stand Entwurf<\/title>\n<meta name=\"robots\" content=\"index, follow, max-snippet:-1, max-image-preview:large, max-video-preview:-1\" \/>\n<link rel=\"canonical\" href=\"https:\/\/www.kugudekor.com.tr\/de\/kontakt\/\" \/>\n<meta property=\"og:locale\" content=\"tr_TR\" \/>\n<meta property=\"og:type\" content=\"article\" \/>\n<meta property=\"og:title\" content=\"Kontakt - Kugu Dekor Fair Stand Entwurf\" \/>\n<meta property=\"og:description\" content=\"Bildirim: Bu i\u00e7erik i\u00e7in bir JavaScript gereklidir. Unsere Adresse :Ayvansaray Mah. Sultan\u00e7e\u015fme Cad. No:45\/BBalat-Fatih\/\u0130stanbul Unsere Telefonnummer :0212 621 25 20 \u2013 21 \u2013 23 E-Mail :info@kugudekor.com.tr F\u00fcr Ihre Projekte :proje@kugudekor.com.tr\" \/>\n<meta property=\"og:url\" content=\"https:\/\/www.kugudekor.com.tr\/de\/kontakt\/\" \/>\n<meta property=\"og:site_name\" content=\"Kugu Dekor Fair Stand Entwurf\" \/>\n<meta property=\"article:modified_time\" content=\"2023-01-11T11:01:28+00:00\" \/>\n<meta property=\"og:image\" content=\"https:\/\/www.kugudekor.com.tr\/de\/wp-content\/uploads\/sites\/3\/2023\/01\/message-online-chat-social-text-concept-min-1-1024x970-1.jpg\" \/>\n<meta name=\"twitter:card\" content=\"summary_large_image\" \/>\n<meta name=\"twitter:label1\" content=\"Tahmini okuma s\u00fcresi\" \/>\n\t<meta name=\"twitter:data1\" content=\"2 dakika\" \/>\n<script type=\"application\/ld+json\" class=\"yoast-schema-graph\">{\"@context\":\"https:\/\/schema.org\",\"@graph\":[{\"@type\":\"WebPage\",\"@id\":\"https:\/\/www.kugudekor.com.tr\/de\/kontakt\/\",\"url\":\"https:\/\/www.kugudekor.com.tr\/de\/kontakt\/\",\"name\":\"Kontakt - Kugu Dekor Fair Stand Entwurf\",\"isPartOf\":{\"@id\":\"https:\/\/www.kugudekor.com.tr\/de\/#website\"},\"primaryImageOfPage\":{\"@id\":\"https:\/\/www.kugudekor.com.tr\/de\/kontakt\/#primaryimage\"},\"image\":{\"@id\":\"https:\/\/www.kugudekor.com.tr\/de\/kontakt\/#primaryimage\"},\"thumbnailUrl\":\"https:\/\/www.kugudekor.com.tr\/de\/wp-content\/uploads\/sites\/3\/2023\/01\/message-online-chat-social-text-concept-min-1-1024x970-1.jpg\",\"datePublished\":\"2022-07-17T16:03:07+00:00\",\"dateModified\":\"2023-01-11T11:01:28+00:00\",\"breadcrumb\":{\"@id\":\"https:\/\/www.kugudekor.com.tr\/de\/kontakt\/#breadcrumb\"},\"inLanguage\":\"tr\",\"potentialAction\":[{\"@type\":\"ReadAction\",\"target\":[\"https:\/\/www.kugudekor.com.tr\/de\/kontakt\/\"]}]},{\"@type\":\"ImageObject\",\"inLanguage\":\"tr\",\"@id\":\"https:\/\/www.kugudekor.com.tr\/de\/kontakt\/#primaryimage\",\"url\":\"https:\/\/www.kugudekor.com.tr\/de\/wp-content\/uploads\/sites\/3\/2023\/01\/message-online-chat-social-text-concept-min-1-1024x970-1.jpg\",\"contentUrl\":\"https:\/\/www.kugudekor.com.tr\/de\/wp-content\/uploads\/sites\/3\/2023\/01\/message-online-chat-social-text-concept-min-1-1024x970-1.jpg\",\"width\":1024,\"height\":970},{\"@type\":\"BreadcrumbList\",\"@id\":\"https:\/\/www.kugudekor.com.tr\/de\/kontakt\/#breadcrumb\",\"itemListElement\":[{\"@type\":\"ListItem\",\"position\":1,\"name\":\"Anasayfa\",\"item\":\"https:\/\/www.kugudekor.com.tr\/de\/\"},{\"@type\":\"ListItem\",\"position\":2,\"name\":\"Kontakt\"}]},{\"@type\":\"WebSite\",\"@id\":\"https:\/\/www.kugudekor.com.tr\/de\/#website\",\"url\":\"https:\/\/www.kugudekor.com.tr\/de\/\",\"name\":\"Kugu Dekor Fair Stand Entwurf\",\"description\":\"Bir ba\u015fka Fuar stant tasar\u0131m\u0131 site sitesi\",\"potentialAction\":[{\"@type\":\"SearchAction\",\"target\":{\"@type\":\"EntryPoint\",\"urlTemplate\":\"https:\/\/www.kugudekor.com.tr\/de\/?s={search_term_string}\"},\"query-input\":{\"@type\":\"PropertyValueSpecification\",\"valueRequired\":true,\"valueName\":\"search_term_string\"}}],\"inLanguage\":\"tr\"}]}<\/script>\n<!-- \/ Yoast SEO plugin. -->","yoast_head_json":{"title":"Kontakt - Kugu Dekor Fair Stand Entwurf","robots":{"index":"index","follow":"follow","max-snippet":"max-snippet:-1","max-image-preview":"max-image-preview:large","max-video-preview":"max-video-preview:-1"},"canonical":"https:\/\/www.kugudekor.com.tr\/de\/kontakt\/","og_locale":"tr_TR","og_type":"article","og_title":"Kontakt - Kugu Dekor Fair Stand Entwurf","og_description":"Bildirim: Bu i\u00e7erik i\u00e7in bir JavaScript gereklidir. Unsere Adresse :Ayvansaray Mah. Sultan\u00e7e\u015fme Cad. No:45\/BBalat-Fatih\/\u0130stanbul Unsere Telefonnummer :0212 621 25 20 \u2013 21 \u2013 23 E-Mail :info@kugudekor.com.tr F\u00fcr Ihre Projekte :proje@kugudekor.com.tr","og_url":"https:\/\/www.kugudekor.com.tr\/de\/kontakt\/","og_site_name":"Kugu Dekor Fair Stand Entwurf","article_modified_time":"2023-01-11T11:01:28+00:00","og_image":[{"url":"https:\/\/www.kugudekor.com.tr\/de\/wp-content\/uploads\/sites\/3\/2023\/01\/message-online-chat-social-text-concept-min-1-1024x970-1.jpg","type":"","width":"","height":""}],"twitter_card":"summary_large_image","twitter_misc":{"Tahmini okuma s\u00fcresi":"2 dakika"},"schema":{"@context":"https:\/\/schema.org","@graph":[{"@type":"WebPage","@id":"https:\/\/www.kugudekor.com.tr\/de\/kontakt\/","url":"https:\/\/www.kugudekor.com.tr\/de\/kontakt\/","name":"Kontakt - Kugu Dekor Fair Stand Entwurf","isPartOf":{"@id":"https:\/\/www.kugudekor.com.tr\/de\/#website"},"primaryImageOfPage":{"@id":"https:\/\/www.kugudekor.com.tr\/de\/kontakt\/#primaryimage"},"image":{"@id":"https:\/\/www.kugudekor.com.tr\/de\/kontakt\/#primaryimage"},"thumbnailUrl":"https:\/\/www.kugudekor.com.tr\/de\/wp-content\/uploads\/sites\/3\/2023\/01\/message-online-chat-social-text-concept-min-1-1024x970-1.jpg","datePublished":"2022-07-17T16:03:07+00:00","dateModified":"2023-01-11T11:01:28+00:00","breadcrumb":{"@id":"https:\/\/www.kugudekor.com.tr\/de\/kontakt\/#breadcrumb"},"inLanguage":"tr","potentialAction":[{"@type":"ReadAction","target":["https:\/\/www.kugudekor.com.tr\/de\/kontakt\/"]}]},{"@type":"ImageObject","inLanguage":"tr","@id":"https:\/\/www.kugudekor.com.tr\/de\/kontakt\/#primaryimage","url":"https:\/\/www.kugudekor.com.tr\/de\/wp-content\/uploads\/sites\/3\/2023\/01\/message-online-chat-social-text-concept-min-1-1024x970-1.jpg","contentUrl":"https:\/\/www.kugudekor.com.tr\/de\/wp-content\/uploads\/sites\/3\/2023\/01\/message-online-chat-social-text-concept-min-1-1024x970-1.jpg","width":1024,"height":970},{"@type":"BreadcrumbList","@id":"https:\/\/www.kugudekor.com.tr\/de\/kontakt\/#breadcrumb","itemListElement":[{"@type":"ListItem","position":1,"name":"Anasayfa","item":"https:\/\/www.kugudekor.com.tr\/de\/"},{"@type":"ListItem","position":2,"name":"Kontakt"}]},{"@type":"WebSite","@id":"https:\/\/www.kugudekor.com.tr\/de\/#website","url":"https:\/\/www.kugudekor.com.tr\/de\/","name":"Kugu Dekor Fair Stand Entwurf","description":"Bir ba\u015fka Fuar stant tasar\u0131m\u0131 site sitesi","potentialAction":[{"@type":"SearchAction","target":{"@type":"EntryPoint","urlTemplate":"https:\/\/www.kugudekor.com.tr\/de\/?s={search_term_string}"},"query-input":{"@type":"PropertyValueSpecification","valueRequired":true,"valueName":"search_term_string"}}],"inLanguage":"tr"}]}},"_links":{"self":[{"href":"https:\/\/www.kugudekor.com.tr\/de\/wp-json\/wp\/v2\/pages\/7","targetHints":{"allow":["GET"]}}],"collection":[{"href":"https:\/\/www.kugudekor.com.tr\/de\/wp-json\/wp\/v2\/pages"}],"about":[{"href":"https:\/\/www.kugudekor.com.tr\/de\/wp-json\/wp\/v2\/types\/page"}],"author":[{"embeddable":true,"href":"https:\/\/www.kugudekor.com.tr\/de\/wp-json\/wp\/v2\/users\/1"}],"replies":[{"embeddable":true,"href":"https:\/\/www.kugudekor.com.tr\/de\/wp-json\/wp\/v2\/comments?post=7"}],"version-history":[{"count":16,"href":"https:\/\/www.kugudekor.com.tr\/de\/wp-json\/wp\/v2\/pages\/7\/revisions"}],"predecessor-version":[{"id":238,"href":"https:\/\/www.kugudekor.com.tr\/de\/wp-json\/wp\/v2\/pages\/7\/revisions\/238"}],"wp:attachment":[{"href":"https:\/\/www.kugudekor.com.tr\/de\/wp-json\/wp\/v2\/media?parent=7"}],"curies":[{"name":"wp","href":"https:\/\/api.w.org\/{rel}","templated":true}]}}